{"id":93,"date":"2016-12-29T16:57:39","date_gmt":"2016-12-29T15:57:39","guid":{"rendered":"http:\/\/wp.bauelemente-martin-heinrich.de\/?page_id=93"},"modified":"2020-06-10T13:56:07","modified_gmt":"2020-06-10T11:56:07","slug":"zertifikate-urkunden","status":"publish","type":"page","link":"https:\/\/www.bauelemente-martin-heinrich.de\/en\/zertifikate-urkunden\/","title":{"rendered":"CERTIFICATES &amp; CERTIFICATES"},"content":{"rendered":"<p><img loading=\"lazy\" decoding=\"async\" class=\"wp-image-3072 size-full alignnone\" src=\"https:\/\/bauelemente-martin-heinrich.de\/wp-content\/uploads\/2017\/02\/Zertifikat_Beck_und_Heun_Rollladen_3c.jpg\" width=\"668\" height=\"1200\" srcset=\"https:\/\/www.bauelemente-martin-heinrich.de\/wp-content\/uploads\/2017\/02\/Zertifikat_Beck_und_Heun_Rollladen_3c.jpg 668w, https:\/\/www.bauelemente-martin-heinrich.de\/wp-content\/uploads\/2017\/02\/Zertifikat_Beck_und_Heun_Rollladen_3c-600x1078.jpg 600w, https:\/\/www.bauelemente-martin-heinrich.de\/wp-content\/uploads\/2017\/02\/Zertifikat_Beck_und_Heun_Rollladen_3c-167x300.jpg 167w, https:\/\/www.bauelemente-martin-heinrich.de\/wp-content\/uploads\/2017\/02\/Zertifikat_Beck_und_Heun_Rollladen_3c-570x1024.jpg 570w\" sizes=\"auto, (max-width: 668px) 100vw, 668px\" \/><\/p>\n<p>&nbsp;<\/p>\n<p>On February 08, 2017, I successfully participated in the practical training \"Complete system including ventilation\".<\/p>\n<p>From now on, we can install new solutions for energy-efficient residential buildings.<\/p>\n<p>For the customer, that means that an electrician does not have to be hired here additionally.<\/p>\n<p>&nbsp;<\/p>\n<p><img loading=\"lazy\" decoding=\"async\" class=\"wp-image-2498 size-large alignnone\" src=\"https:\/\/bauelemente-martin-heinrich.de\/wp-content\/uploads\/2016\/12\/Zertifikat_Elektrofachkraft_2015_3c-716x1024.jpg\" width=\"604\" height=\"864\" srcset=\"https:\/\/www.bauelemente-martin-heinrich.de\/wp-content\/uploads\/2016\/12\/Zertifikat_Elektrofachkraft_2015_3c-716x1024.jpg 716w, https:\/\/www.bauelemente-martin-heinrich.de\/wp-content\/uploads\/2016\/12\/Zertifikat_Elektrofachkraft_2015_3c-600x858.jpg 600w, https:\/\/www.bauelemente-martin-heinrich.de\/wp-content\/uploads\/2016\/12\/Zertifikat_Elektrofachkraft_2015_3c-210x300.jpg 210w, https:\/\/www.bauelemente-martin-heinrich.de\/wp-content\/uploads\/2016\/12\/Zertifikat_Elektrofachkraft_2015_3c-768x1098.jpg 768w, https:\/\/www.bauelemente-martin-heinrich.de\/wp-content\/uploads\/2016\/12\/Zertifikat_Elektrofachkraft_2015_3c.jpg 839w\" sizes=\"auto, (max-width: 604px) 100vw, 604px\" \/><\/p>\n<p>&nbsp;<\/p>\n<p>On January 17, 2015, I successfully passed the examination as \"Electrician for specified activities\".<\/p>\n<p>From now on we can immediately connect the connection work for the electric roller shutters, blinds, shading systems, controls, garage door drives, etc.<\/p>\n<p>For the customer, that means that an electrician does not have to be hired here additionally.<\/p>\n<p>&nbsp;<\/p>\n<p>&nbsp;<\/p>\n<p><span style=\"border-radius: 2px; text-indent: 20px; width: auto; padding: 0px 4px 0px 0px; text-align: center; font: bold 11px\/20px 'Helvetica Neue',Helvetica,sans-serif; color: #ffffff; background: #bd081c no-repeat scroll 3px 50% \/ 14px 14px; position: absolute; opacity: 1; z-index: 8675309; display: none; cursor: pointer;\">Notice<\/span><\/p>","protected":false},"excerpt":{"rendered":"<p>&nbsp; Am 08. Februar 2017 habe ich erfolgreich an der Praxisschulung \"Komplettsystem inklusive L\u00fcftung\" teilgenommen. Ab sofort d\u00fcrfen wir Neubaul\u00f6sungen f\u00fcr energieeffiziente Wohngeb\u00e4ude einbauen. Das heist f\u00fcr den Kunden, dass hier nicht zus\u00e4tzlich ein Elektriker beauftragt werden muss. &nbsp; &nbsp; Am 17. Januar 2015 habe ich die Pr\u00fcfung zur \"Elektrofachkraft f\u00fcr festgelegte T\u00e4tigkeiten\"mit Erfolg bestanden. Ab sofort d\u00fcrfen wir die&nbsp;<a href=\"https:\/\/www.bauelemente-martin-heinrich.de\/en\/zertifikate-urkunden\/\" class=\"read-more\">Continue Reading<\/a><\/p>","protected":false},"author":1,"featured_media":0,"parent":0,"menu_order":0,"comment_status":"closed","ping_status":"closed","template":"page-fullwidth.php","meta":{"_glsr_average":0,"_glsr_ranking":0,"_glsr_reviews":0,"footnotes":""},"class_list":["post-93","page","type-page","status-publish","hentry"],"_links":{"self":[{"href":"https:\/\/www.bauelemente-martin-heinrich.de\/en\/wp-json\/wp\/v2\/pages\/93","targetHints":{"allow":["GET"]}}],"collection":[{"href":"https:\/\/www.bauelemente-martin-heinrich.de\/en\/wp-json\/wp\/v2\/pages"}],"about":[{"href":"https:\/\/www.bauelemente-martin-heinrich.de\/en\/wp-json\/wp\/v2\/types\/page"}],"author":[{"embeddable":true,"href":"https:\/\/www.bauelemente-martin-heinrich.de\/en\/wp-json\/wp\/v2\/users\/1"}],"replies":[{"embeddable":true,"href":"https:\/\/www.bauelemente-martin-heinrich.de\/en\/wp-json\/wp\/v2\/comments?post=93"}],"version-history":[{"count":5,"href":"https:\/\/www.bauelemente-martin-heinrich.de\/en\/wp-json\/wp\/v2\/pages\/93\/revisions"}],"predecessor-version":[{"id":3648,"href":"https:\/\/www.bauelemente-martin-heinrich.de\/en\/wp-json\/wp\/v2\/pages\/93\/revisions\/3648"}],"wp:attachment":[{"href":"https:\/\/www.bauelemente-martin-heinrich.de\/en\/wp-json\/wp\/v2\/media?parent=93"}],"curies":[{"name":"wp","href":"https:\/\/api.w.org\/{rel}","templated":true}]}}