{"id":87,"date":"2016-12-29T16:55:48","date_gmt":"2016-12-29T15:55:48","guid":{"rendered":"http:\/\/wp.bauelemente-martin-heinrich.de\/?page_id=87"},"modified":"2020-06-15T15:45:45","modified_gmt":"2020-06-15T13:45:45","slug":"leistungen","status":"publish","type":"page","link":"https:\/\/www.bauelemente-martin-heinrich.de\/en\/leistungen\/","title":{"rendered":"SERVICES"},"content":{"rendered":"<div class=\"n module-type-text diyfeLiveArea\">\n<p><img loading=\"lazy\" decoding=\"async\" class=\"alignnone wp-image-3278 size-full\" src=\"https:\/\/bauelemente-martin-heinrich.de\/wp-content\/uploads\/2017\/01\/Schlafzimmer_mit_Kunststofffenster_IGLO_5_3c.jpg\" alt=\"\" width=\"1200\" height=\"719\" srcset=\"https:\/\/www.bauelemente-martin-heinrich.de\/wp-content\/uploads\/2017\/01\/Schlafzimmer_mit_Kunststofffenster_IGLO_5_3c.jpg 1200w, https:\/\/www.bauelemente-martin-heinrich.de\/wp-content\/uploads\/2017\/01\/Schlafzimmer_mit_Kunststofffenster_IGLO_5_3c-600x360.jpg 600w, https:\/\/www.bauelemente-martin-heinrich.de\/wp-content\/uploads\/2017\/01\/Schlafzimmer_mit_Kunststofffenster_IGLO_5_3c-300x180.jpg 300w, https:\/\/www.bauelemente-martin-heinrich.de\/wp-content\/uploads\/2017\/01\/Schlafzimmer_mit_Kunststofffenster_IGLO_5_3c-768x460.jpg 768w, https:\/\/www.bauelemente-martin-heinrich.de\/wp-content\/uploads\/2017\/01\/Schlafzimmer_mit_Kunststofffenster_IGLO_5_3c-1024x614.jpg 1024w\" sizes=\"auto, (max-width: 1200px) 100vw, 1200px\" \/><br \/><\/br><\/p>\n<h4><strong>We would be happy to advise you on various window systems.<\/strong><\/h4>\n<p>With the company DRUTEX we have a great program where we can fulfill all your wishes.<\/p>\n<p>The color scheme seems to be almost infinite here. We also offer the optimal solutions for the subject of thermal insulation and sound insulation.<\/p>\n<p>From consultation to complete processing to installation, you have only one contact person.<\/p>\n<p>From the material to the craftsmanship implementation, we accompany you in an advisory capacity, drawing on many years of experience from our activities and services. We include all your ideas and wishes.<\/p>\n<p>Just take it <a href=\"https:\/\/www.bauelemente-martin-heinrich.de\/en\/contacts\/\">Contact<\/a> with us, we will gladly make you a non-binding offer!<\/p>\n<\/div>\n<p><span style=\"border-radius: 2px; text-indent: 20px; width: auto; padding: 0px 4px 0px 0px; text-align: center; font: bold 11px\/20px 'Helvetica Neue',Helvetica,sans-serif; color: #ffffff; background: #bd081c no-repeat scroll 3px 50% \/ 14px 14px; position: absolute; opacity: 1; z-index: 8675309; display: none; cursor: pointer;\">Notice<\/span><\/p>\n<p><span style=\"border-radius: 2px; text-indent: 20px; width: auto; padding: 0px 4px 0px 0px; text-align: center; font: bold 11px\/20px 'Helvetica Neue',Helvetica,sans-serif; color: #ffffff; background: #bd081c no-repeat scroll 3px 50% \/ 14px 14px; position: absolute; opacity: 1; z-index: 8675309; display: none; cursor: pointer;\">Notice<\/span><\/p>","protected":false},"excerpt":{"rendered":"<p>Wir beraten Sie gerne zu verschiedenen Fenstersystemen. Mit der Firma DRUTEX haben wir ein gro\u00dfes Programm, wo wir alle Ihre W\u00fcnsche erf\u00fcllen k\u00f6nnen. Die Farbgestaltung scheint hier fast unendlich zu sein. Auch bei dem Thema\u00a0 W\u00e4rmeschutz und Schallschutz bieten wir Ihnen die optimalen L\u00f6sungen. Von der Beratung \u00fcber die komplette Abwicklung\u00a0bis hin zur Montage, haben Sie nur einen Ansprechpartner. Vom&nbsp;<a href=\"https:\/\/www.bauelemente-martin-heinrich.de\/en\/leistungen\/\" class=\"read-more\">Continue Reading<\/a><\/p>","protected":false},"author":1,"featured_media":0,"parent":0,"menu_order":0,"comment_status":"closed","ping_status":"closed","template":"page-fullwidth.php","meta":{"_glsr_average":0,"_glsr_ranking":0,"_glsr_reviews":0,"footnotes":""},"class_list":["post-87","page","type-page","status-publish","hentry"],"_links":{"self":[{"href":"https:\/\/www.bauelemente-martin-heinrich.de\/en\/wp-json\/wp\/v2\/pages\/87","targetHints":{"allow":["GET"]}}],"collection":[{"href":"https:\/\/www.bauelemente-martin-heinrich.de\/en\/wp-json\/wp\/v2\/pages"}],"about":[{"href":"https:\/\/www.bauelemente-martin-heinrich.de\/en\/wp-json\/wp\/v2\/types\/page"}],"author":[{"embeddable":true,"href":"https:\/\/www.bauelemente-martin-heinrich.de\/en\/wp-json\/wp\/v2\/users\/1"}],"replies":[{"embeddable":true,"href":"https:\/\/www.bauelemente-martin-heinrich.de\/en\/wp-json\/wp\/v2\/comments?post=87"}],"version-history":[{"count":5,"href":"https:\/\/www.bauelemente-martin-heinrich.de\/en\/wp-json\/wp\/v2\/pages\/87\/revisions"}],"predecessor-version":[{"id":3847,"href":"https:\/\/www.bauelemente-martin-heinrich.de\/en\/wp-json\/wp\/v2\/pages\/87\/revisions\/3847"}],"wp:attachment":[{"href":"https:\/\/www.bauelemente-martin-heinrich.de\/en\/wp-json\/wp\/v2\/media?parent=87"}],"curies":[{"name":"wp","href":"https:\/\/api.w.org\/{rel}","templated":true}]}}