{"id":3560,"date":"2020-05-26T12:20:07","date_gmt":"2020-05-26T10:20:07","guid":{"rendered":"https:\/\/bauelemente-martin-heinrich.de.w01b131b.kasserver.com\/bezahlmoeglichkeiten\/"},"modified":"2020-07-13T15:56:57","modified_gmt":"2020-07-13T13:56:57","slug":"zahlungsarten","status":"publish","type":"page","link":"https:\/\/www.bauelemente-martin-heinrich.de\/en\/zahlungsarten\/","title":{"rendered":"Payment Methods"},"content":{"rendered":"<h4>You have three options for payment:<\/h4>\n<p><b><\/b><\/p>\n<p>Simply choose the optimal payment method for you. The prices listed in the respective offers represent final prices. They include all price components including any applicable taxes such as VAT. Delivery and shipping costs are included in the purchase price, these can be viewed on the \"Shipping &amp; Delivery\" page.<\/p>\n<p>&nbsp;<\/p>\n<h6><strong>PayPal<\/strong><\/h6>\n<p><b><\/b><br \/>\nIf you choose the PayPal payment option, you will be directed to the secure, SSL-encrypted website of the payment service provider PayPal after submitting your order. Log in there with your PayPal access data and confirm the payment to Bauelemente Martin Heinrich.<\/p>\n<p>After successful payment you will receive an automated confirmation email from PayPal. We recommend the PayPal payment option to all customers who already have a PayPal account.<\/p>\n<p>&nbsp;<\/p>\n<h6><strong>Cash on pickup<\/strong><\/h6>\n<p><b><\/b><br \/>\nFor all orders for cash payment, the goods are prepared as quickly as possible and sent to you together with the invoice, or prepared for collection in our warehouse in Geratskirchen.<\/p>\n<p>All orders that are paid with cash as full payment \/ partial payment, down payment and final payment on site are immediately prepared for shipping or collection and can usually not be stopped.<\/p>\n<p>Note: Please note that with the payment method \u201ccash on collection\u201d all orders are binding with immediate effect and cannot be changed or canceled, so please check your product details carefully!<\/p>\n<p><strong>Pick-up address - only possible by appointment:<\/strong><\/p>\n<p>Bauelemente Martin Heinrich<br \/>\nMermooserstra\u00dfe 9<br \/>\n84552 Geratskirchen<\/p>\n<p>Opening hours:<br \/>\nMonday to Friday: from 8 a.m. to 5 p.m.<\/p>\n<p>Please call first:<br \/>\n+49 (0) 87 28 - 695<\/p>\n<p>&nbsp;<\/p>\n<h6><strong>Instant bank transfer<\/strong><\/h6>\n<p><b><\/b><br \/>\n<a href=\"https:\/\/www.sofortueberweisung.de\" target=\"_blank\" rel=\"noopener noreferrer\">www.sofortueberweisung.de<\/a> is the T\u00dcV certified, secure payment method from Payment Network AG. If you want to pay with Sofort\u00fcberweisung, you only need your online banking data, i.e. usually bank details, PIN and TAN data. The system does everything else for you.<\/p>\n<p>Sofort\u00fcberweisung is not only free of charge for you as a buyer, but also has a number of advantages: You can make a transfer immediately when you place your order without having to go to your bank's website and without having to enter any information about your order.<\/p>\n<p>Thanks to a comprehensive security concept, Sofort\u00fcberweisung is one of the safest forms of payment on the Internet today. You can find details about the comprehensive security concept of Sofort\u00fcberweisung here.<\/p>\n<p>The security concept also includes an insurance policy, due to which buyers pay up to 5,000 euros per individual case, i.e. are insured per transaction. You can find details of the Sofort\u00fcberweisung insurance policy <a href=\"https:\/\/www.klarna.com\/sofort\/\" target=\"_blank\" rel=\"noopener noreferrer\">here<\/a>.<\/p>","protected":false},"excerpt":{"rendered":"<p>Zur Zahlung stehen Ihnen 3 M\u00f6glichkeiten zur Auswahl: Suchen Sie sich einfach die f\u00fcr Sie optimale Zahlungsart aus. Die in den jeweiligen Angeboten angef\u00fchrten Preise stellen Endpreise dar. Sie beinhalten alle Preisbestandteile einschlie\u00dflich etwaig anfallender Steuern wie Mehrwertsteuer. Liefer- und Versandkosten sind im Kaufpreis enthalten, diese sind \u00fcber die Seite \u201eVersand &amp; Lieferung\u201c aufrufbar. &nbsp; PayPal Wenn Sie sich f\u00fcr&nbsp;<a href=\"https:\/\/www.bauelemente-martin-heinrich.de\/en\/zahlungsarten\/\" class=\"read-more\">Continue Reading<\/a><\/p>","protected":false},"author":1,"featured_media":0,"parent":0,"menu_order":0,"comment_status":"closed","ping_status":"closed","template":"","meta":{"_glsr_average":0,"_glsr_ranking":0,"_glsr_reviews":0,"footnotes":""},"class_list":["post-3560","page","type-page","status-publish","hentry"],"_links":{"self":[{"href":"https:\/\/www.bauelemente-martin-heinrich.de\/en\/wp-json\/wp\/v2\/pages\/3560","targetHints":{"allow":["GET"]}}],"collection":[{"href":"https:\/\/www.bauelemente-martin-heinrich.de\/en\/wp-json\/wp\/v2\/pages"}],"about":[{"href":"https:\/\/www.bauelemente-martin-heinrich.de\/en\/wp-json\/wp\/v2\/types\/page"}],"author":[{"embeddable":true,"href":"https:\/\/www.bauelemente-martin-heinrich.de\/en\/wp-json\/wp\/v2\/users\/1"}],"replies":[{"embeddable":true,"href":"https:\/\/www.bauelemente-martin-heinrich.de\/en\/wp-json\/wp\/v2\/comments?post=3560"}],"version-history":[{"count":5,"href":"https:\/\/www.bauelemente-martin-heinrich.de\/en\/wp-json\/wp\/v2\/pages\/3560\/revisions"}],"predecessor-version":[{"id":4210,"href":"https:\/\/www.bauelemente-martin-heinrich.de\/en\/wp-json\/wp\/v2\/pages\/3560\/revisions\/4210"}],"wp:attachment":[{"href":"https:\/\/www.bauelemente-martin-heinrich.de\/en\/wp-json\/wp\/v2\/media?parent=3560"}],"curies":[{"name":"wp","href":"https:\/\/api.w.org\/{rel}","templated":true}]}}