{"id":3559,"date":"2020-05-26T12:20:07","date_gmt":"2020-05-26T10:20:07","guid":{"rendered":"https:\/\/bauelemente-martin-heinrich.de.w01b131b.kasserver.com\/versandarten\/"},"modified":"2020-07-13T15:59:13","modified_gmt":"2020-07-13T13:59:13","slug":"versand-und-lieferung","status":"publish","type":"page","link":"https:\/\/www.bauelemente-martin-heinrich.de\/en\/versand-und-lieferung\/","title":{"rendered":"shipping"},"content":{"rendered":"<h6><strong>Shipping and delivery to Germany<\/strong><\/h6>\n<p><b><\/b><br \/>\n\u2022 Delivery time \/ delivery: 10 to 15 working days (Monday to Saturday)<\/p>\n<p>\u2022 Package length: may vary per product<\/p>\n<p>&nbsp;<\/p>\n<p>We only deliver to Germany.<\/p>\n<p>We take over the shipping or delivery costs to Germany.<\/p>\n<p>Please note that there is no delivery on Sundays and public holidays.<\/p>\n<p>When paying by cash on delivery, an additional fee of EUR 2 is payable, which the deliverer charges on site - there are no further taxes or costs.<\/p>\n<p>If you pick it up yourself, we will inform you by email about the provision of the goods and the collection options.<\/p>","protected":false},"excerpt":{"rendered":"<p>Versand und Lieferung nach Deutschland \u2022 Versanddauer\/Lieferung: 10 bis 15 Werktage (Montag bis Samstag) \u2022 Paketl\u00e4nge: Kann je Produkt variieren &nbsp; Wir liefern nur nach Deutschland. Die Versand- oder Lieferkosten nach Deutschland \u00fcbernehmen wir. Beachten Sie bitte, dass an Sonn- und Feiertagen keine Zustellung erfolgt. Bei Zahlung per Nachnahme wird eine zus\u00e4tzliche Geb\u00fchr in H\u00f6he von 2.- Euro f\u00e4llig, welche&nbsp;<a href=\"https:\/\/www.bauelemente-martin-heinrich.de\/en\/versand-und-lieferung\/\" class=\"read-more\">Continue Reading<\/a><\/p>","protected":false},"author":1,"featured_media":0,"parent":0,"menu_order":0,"comment_status":"closed","ping_status":"closed","template":"","meta":{"_glsr_average":0,"_glsr_ranking":0,"_glsr_reviews":0,"footnotes":""},"class_list":["post-3559","page","type-page","status-publish","hentry"],"_links":{"self":[{"href":"https:\/\/www.bauelemente-martin-heinrich.de\/en\/wp-json\/wp\/v2\/pages\/3559","targetHints":{"allow":["GET"]}}],"collection":[{"href":"https:\/\/www.bauelemente-martin-heinrich.de\/en\/wp-json\/wp\/v2\/pages"}],"about":[{"href":"https:\/\/www.bauelemente-martin-heinrich.de\/en\/wp-json\/wp\/v2\/types\/page"}],"author":[{"embeddable":true,"href":"https:\/\/www.bauelemente-martin-heinrich.de\/en\/wp-json\/wp\/v2\/users\/1"}],"replies":[{"embeddable":true,"href":"https:\/\/www.bauelemente-martin-heinrich.de\/en\/wp-json\/wp\/v2\/comments?post=3559"}],"version-history":[{"count":5,"href":"https:\/\/www.bauelemente-martin-heinrich.de\/en\/wp-json\/wp\/v2\/pages\/3559\/revisions"}],"predecessor-version":[{"id":4213,"href":"https:\/\/www.bauelemente-martin-heinrich.de\/en\/wp-json\/wp\/v2\/pages\/3559\/revisions\/4213"}],"wp:attachment":[{"href":"https:\/\/www.bauelemente-martin-heinrich.de\/en\/wp-json\/wp\/v2\/media?parent=3559"}],"curies":[{"name":"wp","href":"https:\/\/api.w.org\/{rel}","templated":true}]}}