{"id":2,"date":"2016-12-23T09:34:24","date_gmt":"2016-12-23T08:34:24","guid":{"rendered":"http:\/\/wp.bauelemente-martin-heinrich.de\/?page_id=2"},"modified":"2020-06-18T14:03:18","modified_gmt":"2020-06-18T12:03:18","slug":"ueber-uns","status":"publish","type":"page","link":"https:\/\/www.bauelemente-martin-heinrich.de\/en\/ueber-uns\/","title":{"rendered":"ABOUT US"},"content":{"rendered":"<div class=\"n module-type-text diyfeLiveArea\">\n<p><img loading=\"lazy\" decoding=\"async\" class=\"alignnone size-full wp-image-2494\" src=\"https:\/\/bauelemente-martin-heinrich.de\/wp-content\/uploads\/2016\/12\/Personal_Bauelemente_Martin_Heinrich_2016_1_3c.jpg\" alt=\"\" width=\"1200\" height=\"900\" srcset=\"https:\/\/www.bauelemente-martin-heinrich.de\/wp-content\/uploads\/2016\/12\/Personal_Bauelemente_Martin_Heinrich_2016_1_3c.jpg 1200w, https:\/\/www.bauelemente-martin-heinrich.de\/wp-content\/uploads\/2016\/12\/Personal_Bauelemente_Martin_Heinrich_2016_1_3c-600x450.jpg 600w, https:\/\/www.bauelemente-martin-heinrich.de\/wp-content\/uploads\/2016\/12\/Personal_Bauelemente_Martin_Heinrich_2016_1_3c-300x225.jpg 300w, https:\/\/www.bauelemente-martin-heinrich.de\/wp-content\/uploads\/2016\/12\/Personal_Bauelemente_Martin_Heinrich_2016_1_3c-768x576.jpg 768w, https:\/\/www.bauelemente-martin-heinrich.de\/wp-content\/uploads\/2016\/12\/Personal_Bauelemente_Martin_Heinrich_2016_1_3c-1024x768.jpg 1024w, https:\/\/www.bauelemente-martin-heinrich.de\/wp-content\/uploads\/2016\/12\/Personal_Bauelemente_Martin_Heinrich_2016_1_3c-200x150.jpg 200w\" sizes=\"auto, (max-width: 1200px) 100vw, 1200px\" \/><\/p>\n<p>Bauelemente Martin Heinrich is a traditional handicraft business that moves with the times. Since our company was founded (founded in 1998) we are proud of our numerous satisfied customers and always strive to implement your wishes as much as possible and do our best every day.<\/p>\n<p>We offer you many years of experience in window construction and versatile solutions, technically demanding tasks, planning and implementation as well as ecologically perfect quality in our company.<\/p>\n<p>\"RAL quality assured assembly\"<\/p>\n<p>Our employees pay attention to the high quality of their craft and are happy about every new piece that they designed and completed to your satisfaction.<\/p>\n<\/div>\n<p><span style=\"border-radius: 2px; text-indent: 20px; width: auto; padding: 0px 4px 0px 0px; text-align: center; font: bold 11px\/20px 'Helvetica Neue',Helvetica,sans-serif; color: #ffffff; background: #bd081c no-repeat scroll 3px 50% \/ 14px 14px; position: absolute; opacity: 1; z-index: 8675309; display: none; cursor: pointer;\">Notice<\/span><\/p>\n<p><span style=\"border-radius: 2px; text-indent: 20px; width: auto; padding: 0px 4px 0px 0px; text-align: center; font: bold 11px\/20px 'Helvetica Neue',Helvetica,sans-serif; color: #ffffff; background: #bd081c no-repeat scroll 3px 50% \/ 14px 14px; position: absolute; opacity: 1; z-index: 8675309; display: none; cursor: pointer;\">Notice<\/span><\/p>\n<p><span style=\"border-radius: 2px; text-indent: 20px; width: auto; padding: 0px 4px 0px 0px; text-align: center; font: bold 11px\/20px 'Helvetica Neue',Helvetica,sans-serif; color: #ffffff; background: #bd081c no-repeat scroll 3px 50% \/ 14px 14px; position: absolute; opacity: 1; z-index: 8675309; display: none; cursor: pointer;\">Notice<\/span><\/p>\n<p><span style=\"border-radius: 2px; text-indent: 20px; width: auto; padding: 0px 4px 0px 0px; text-align: center; font: bold 11px\/20px 'Helvetica Neue',Helvetica,sans-serif; color: #ffffff; background: #bd081c no-repeat scroll 3px 50% \/ 14px 14px; position: absolute; opacity: 1; z-index: 8675309; display: none; cursor: pointer;\">Notice<\/span><\/p>\n<p><span style=\"border-radius: 2px; text-indent: 20px; width: auto; padding: 0px 4px 0px 0px; text-align: center; font: bold 11px\/20px 'Helvetica Neue',Helvetica,sans-serif; color: #ffffff; background: #bd081c no-repeat scroll 3px 50% \/ 14px 14px; position: absolute; opacity: 1; z-index: 8675309; display: none; cursor: pointer;\">Notice<\/span><\/p>\n<p><span style=\"border-radius: 2px; text-indent: 20px; width: auto; padding: 0px 4px 0px 0px; text-align: center; font: bold 11px\/20px 'Helvetica Neue',Helvetica,sans-serif; color: #ffffff; background: #bd081c no-repeat scroll 3px 50% \/ 14px 14px; position: absolute; opacity: 1; z-index: 8675309; display: none; cursor: pointer;\">Notice<\/span><\/p>\n<p><span style=\"border-radius: 2px; text-indent: 20px; width: auto; padding: 0px 4px 0px 0px; text-align: center; font: bold 11px\/20px 'Helvetica Neue',Helvetica,sans-serif; color: #ffffff; background: #bd081c no-repeat scroll 3px 50% \/ 14px 14px; position: absolute; opacity: 1; z-index: 8675309; display: none; cursor: pointer;\">Notice<\/span><\/p>\n<p><span style=\"border-radius: 2px; text-indent: 20px; width: auto; padding: 0px 4px 0px 0px; text-align: center; font: bold 11px\/20px 'Helvetica Neue',Helvetica,sans-serif; color: #ffffff; background: #bd081c no-repeat scroll 3px 50% \/ 14px 14px; position: absolute; opacity: 1; z-index: 8675309; display: none; cursor: pointer;\">Notice<\/span><\/p>\n<p><span style=\"border-radius: 2px; text-indent: 20px; width: auto; padding: 0px 4px 0px 0px; text-align: center; font: bold 11px\/20px 'Helvetica Neue',Helvetica,sans-serif; color: #ffffff; background: #bd081c no-repeat scroll 3px 50% \/ 14px 14px; position: absolute; opacity: 1; z-index: 8675309; display: none; cursor: pointer;\">Notice<\/span><\/p>\n<p><span style=\"border-radius: 2px; text-indent: 20px; width: auto; padding: 0px 4px 0px 0px; text-align: center; font: bold 11px\/20px 'Helvetica Neue',Helvetica,sans-serif; color: #ffffff; background: #bd081c no-repeat scroll 3px 50% \/ 14px 14px; position: absolute; opacity: 1; z-index: 8675309; display: none; cursor: pointer;\">Notice<\/span><\/p>\n<p><span style=\"border-radius: 2px; text-indent: 20px; width: auto; padding: 0px 4px 0px 0px; text-align: center; font: bold 11px\/20px 'Helvetica Neue',Helvetica,sans-serif; color: #ffffff; background: #bd081c no-repeat scroll 3px 50% \/ 14px 14px; position: absolute; opacity: 1; z-index: 8675309; display: none; cursor: pointer;\">Notice<\/span><\/p>\n<p><span style=\"border-radius: 2px; text-indent: 20px; width: auto; padding: 0px 4px 0px 0px; text-align: center; font: bold 11px\/20px 'Helvetica Neue',Helvetica,sans-serif; color: #ffffff; background: #bd081c no-repeat scroll 3px 50% \/ 14px 14px; position: absolute; opacity: 1; z-index: 8675309; display: none; cursor: pointer;\">Notice<\/span><\/p>\n<p><span style=\"border-radius: 2px; text-indent: 20px; width: auto; padding: 0px 4px 0px 0px; text-align: center; font: bold 11px\/20px 'Helvetica Neue',Helvetica,sans-serif; color: #ffffff; background: #bd081c no-repeat scroll 3px 50% \/ 14px 14px; position: absolute; opacity: 1; z-index: 8675309; display: none; cursor: pointer;\">Notice<\/span><\/p>\n<p><span style=\"border-radius: 2px; text-indent: 20px; width: auto; padding: 0px 4px 0px 0px; text-align: center; font: bold 11px\/20px 'Helvetica Neue',Helvetica,sans-serif; color: #ffffff; background: #bd081c no-repeat scroll 3px 50% \/ 14px 14px; position: absolute; opacity: 1; z-index: 8675309; display: none; cursor: pointer; top: 36px; left: 20px;\">Notice<\/span><\/p>","protected":false},"excerpt":{"rendered":"<p>Bauelemente Martin Heinrich ist ein traditionsreicher Handwerksbetrieb, welcher mit der Zeit geht. Seit Bestehen unseres Unternehmens (Gr\u00fcndungsjahr 1998)&nbsp;sind wir stolz auf unsere zahlreichen zufriedenen Kunden und stets bestrebt, Ihre W\u00fcnsche so weit wie m\u00f6glich umzusetzen und geben daf\u00fcr jeden Tag aufs Neue unser Bestes. Langj\u00e4hrige Erfahrung im&nbsp;Fensterbau und vielseitige L\u00f6sungsm\u00f6glichkeiten, technisch anspruchsvolle Aufgaben, Planung und Realisierung ebenso wie \u00f6kologisch einwandfreie&nbsp;<a href=\"https:\/\/www.bauelemente-martin-heinrich.de\/en\/ueber-uns\/\" class=\"read-more\">Continue Reading<\/a><\/p>","protected":false},"author":1,"featured_media":0,"parent":0,"menu_order":0,"comment_status":"closed","ping_status":"open","template":"","meta":{"_glsr_average":0,"_glsr_ranking":0,"_glsr_reviews":0,"footnotes":""},"class_list":["post-2","page","type-page","status-publish","hentry"],"_links":{"self":[{"href":"https:\/\/www.bauelemente-martin-heinrich.de\/en\/wp-json\/wp\/v2\/pages\/2","targetHints":{"allow":["GET"]}}],"collection":[{"href":"https:\/\/www.bauelemente-martin-heinrich.de\/en\/wp-json\/wp\/v2\/pages"}],"about":[{"href":"https:\/\/www.bauelemente-martin-heinrich.de\/en\/wp-json\/wp\/v2\/types\/page"}],"author":[{"embeddable":true,"href":"https:\/\/www.bauelemente-martin-heinrich.de\/en\/wp-json\/wp\/v2\/users\/1"}],"replies":[{"embeddable":true,"href":"https:\/\/www.bauelemente-martin-heinrich.de\/en\/wp-json\/wp\/v2\/comments?post=2"}],"version-history":[{"count":5,"href":"https:\/\/www.bauelemente-martin-heinrich.de\/en\/wp-json\/wp\/v2\/pages\/2\/revisions"}],"predecessor-version":[{"id":3647,"href":"https:\/\/www.bauelemente-martin-heinrich.de\/en\/wp-json\/wp\/v2\/pages\/2\/revisions\/3647"}],"wp:attachment":[{"href":"https:\/\/www.bauelemente-martin-heinrich.de\/en\/wp-json\/wp\/v2\/media?parent=2"}],"curies":[{"name":"wp","href":"https:\/\/api.w.org\/{rel}","templated":true}]}}