{"id":1892,"date":"2011-09-14T09:45:02","date_gmt":"2011-09-14T09:45:02","guid":{"rendered":"http:\/\/wp.bauelemente-martin-heinrich.de\/"},"modified":"2023-11-15T10:13:47","modified_gmt":"2023-11-15T09:13:47","slug":"home","status":"publish","type":"page","link":"https:\/\/www.bauelemente-martin-heinrich.de\/en\/","title":{"rendered":"HOME"},"content":{"rendered":"<img loading=\"lazy\" decoding=\"async\" class=\"wp-image-2381 alignleft\" src=\"https:\/\/bauelemente-martin-heinrich.de\/wp-content\/uploads\/2017\/01\/Geschaeftsfuehrer_Martin_Heinrich_3c-224x300.jpg\" width=\"209\" height=\"280\" srcset=\"https:\/\/www.bauelemente-martin-heinrich.de\/wp-content\/uploads\/2017\/01\/Geschaeftsfuehrer_Martin_Heinrich_3c-224x300.jpg 224w, https:\/\/www.bauelemente-martin-heinrich.de\/wp-content\/uploads\/2017\/01\/Geschaeftsfuehrer_Martin_Heinrich_3c-600x803.jpg 600w, https:\/\/www.bauelemente-martin-heinrich.de\/wp-content\/uploads\/2017\/01\/Geschaeftsfuehrer_Martin_Heinrich_3c-768x1027.jpg 768w, https:\/\/www.bauelemente-martin-heinrich.de\/wp-content\/uploads\/2017\/01\/Geschaeftsfuehrer_Martin_Heinrich_3c-765x1024.jpg 765w, https:\/\/www.bauelemente-martin-heinrich.de\/wp-content\/uploads\/2017\/01\/Geschaeftsfuehrer_Martin_Heinrich_3c.jpg 897w\" sizes=\"auto, (max-width: 209px) 100vw, 209px\" \/><\/p>\n<h4>WELCOME to Bauelemente Martin Heinrich in Geratskirchen<\/h4>\n<p style=\"text-align: left;\">Unser Betrieb zeichnet sich durch Tradition und ehrliches Handwerk aus. Mit viel Liebe zum Detail und mit sauberer Handwerksarbeit \u00fcbernehmen wir gerne die Lieferung und Montage von Fenstern, Haust\u00fcren, Rollladen und Winterg\u00e4rten. Auch in Sachen Renovierung stellen wir uns auf Ihre Anforderungen ein und beraten Sie umfassend zu einer energetischen Sanierung nach den neuesten EnEV- und KFW-Programmen.<\/p>\n<p>Unser neuer Internetauftritt strahlt in einem neuen Design und verf\u00fcgt demn\u00e4chst auch \u00fcber einen Online-Shop.<\/p>\n<p>Neben einer neuen Struktur, einem responsiven Webdesign (f\u00fcr alle mobilen Endger\u00e4te) und neuem grafischen Konzept, k\u00f6nnen Sie zuk\u00fcnftig unsere Produkte kommentieren, damit wir noch besser auf Ihre Bed\u00fcrfnisse eingehen k\u00f6nnen. Desweiteren k\u00f6nnen Sie uns auf den sozialen Netzwerken und auf unserem Blog folgen, um somit immer auf dem neuesten Stand zu bleiben und ganz einfach und unkompliziert - 24 Stunden am Tag nach Herz und Laune eine bestimmte Auswahl unserer Bauelemente \u00fcber unseren Online-Shop bestellen.<\/p>\n<p><strong>Wir w\u00fcnschen Ihnen viel Spa\u00df auf unserer Internetseite und demn\u00e4chst auch in unserem Online-Shop!<\/strong><\/p>\n<p><span style=\"border-radius: 2px; text-indent: 20px; width: auto; padding: 0px 4px 0px 0px; text-align: center; font: bold 11px\/20px 'Helvetica Neue',Helvetica,sans-serif; color: #ffffff; background: #bd081c no-repeat scroll 3px 50% \/ 14px 14px; position: absolute; opacity: 1; z-index: 8675309; display: none; cursor: pointer;\">Notice<\/span><\/p>\n<p><span style=\"border-radius: 2px; text-indent: 20px; width: auto; padding: 0px 4px 0px 0px; text-align: center; font: bold 11px\/20px 'Helvetica Neue',Helvetica,sans-serif; color: #ffffff; background: #bd081c no-repeat scroll 3px 50% \/ 14px 14px; position: absolute; opacity: 1; z-index: 8675309; display: none; cursor: pointer;\">Notice<\/span><\/p>\n<p><span style=\"border-radius: 2px; text-indent: 20px; width: auto; padding: 0px 4px 0px 0px; text-align: center; font: bold 11px\/20px 'Helvetica Neue',Helvetica,sans-serif; color: #ffffff; background: #bd081c no-repeat scroll 3px 50% \/ 14px 14px; position: absolute; opacity: 1; z-index: 8675309; display: none; cursor: pointer;\">Notice<\/span><\/p>\n<p><span style=\"border-radius: 2px; text-indent: 20px; width: auto; padding: 0px 4px 0px 0px; text-align: center; font: bold 11px\/20px 'Helvetica Neue',Helvetica,sans-serif; color: #ffffff; background: #bd081c no-repeat scroll 3px 50% \/ 14px 14px; position: absolute; opacity: 1; z-index: 8675309; display: none; cursor: pointer;\">Notice<\/span><\/p>\n<p><span style=\"border-radius: 2px; text-indent: 20px; width: auto; padding: 0px 4px 0px 0px; text-align: center; font: bold 11px\/20px 'Helvetica Neue',Helvetica,sans-serif; color: #ffffff; background: #bd081c no-repeat scroll 3px 50% \/ 14px 14px; position: absolute; opacity: 1; z-index: 8675309; display: none; cursor: pointer;\">Notice<\/span><\/p>\n<p><span style=\"border-radius: 2px; text-indent: 20px; width: auto; padding: 0px 4px 0px 0px; text-align: center; font: bold 11px\/20px 'Helvetica Neue',Helvetica,sans-serif; color: #ffffff; background: #bd081c no-repeat scroll 3px 50% \/ 14px 14px; position: absolute; opacity: 1; z-index: 8675309; display: none; cursor: pointer;\">Notice<\/span><\/p>\n<p><span style=\"border-radius: 2px; text-indent: 20px; width: auto; padding: 0px 4px 0px 0px; text-align: center; font: bold 11px\/20px 'Helvetica Neue',Helvetica,sans-serif; color: #ffffff; background: #bd081c no-repeat scroll 3px 50% \/ 14px 14px; position: absolute; opacity: 1; z-index: 8675309; display: none; cursor: pointer;\">Notice<\/span><\/p>\n<p><span style=\"border-radius: 2px; text-indent: 20px; width: auto; padding: 0px 4px 0px 0px; text-align: center; font: bold 11px\/20px 'Helvetica Neue',Helvetica,sans-serif; color: #ffffff; background: #bd081c no-repeat scroll 3px 50% \/ 14px 14px; position: absolute; opacity: 1; z-index: 8675309; display: none; cursor: pointer;\">Notice<\/span><\/p>\n<p><span style=\"border-radius: 2px; text-indent: 20px; width: auto; padding: 0px 4px 0px 0px; text-align: center; font: bold 11px\/20px 'Helvetica Neue',Helvetica,sans-serif; color: #ffffff; background: #bd081c no-repeat scroll 3px 50% \/ 14px 14px; position: absolute; opacity: 1; z-index: 8675309; display: none; cursor: pointer;\">Notice<\/span><\/p>\n<p><span style=\"border-radius: 2px; text-indent: 20px; width: auto; padding: 0px 4px 0px 0px; text-align: center; font: bold 11px\/20px 'Helvetica Neue',Helvetica,sans-serif; color: #ffffff; background: #bd081c no-repeat scroll 3px 50% \/ 14px 14px; position: absolute; opacity: 1; z-index: 8675309; display: none; cursor: pointer;\">Notice<\/span><\/p>\n<p><span style=\"border-radius: 2px; text-indent: 20px; width: auto; padding: 0px 4px 0px 0px; text-align: center; font: bold 11px\/20px 'Helvetica Neue',Helvetica,sans-serif; color: #ffffff; background: #bd081c no-repeat scroll 3px 50% \/ 14px 14px; position: absolute; opacity: 1; z-index: 8675309; display: none; cursor: pointer; top: 40px; left: 20px;\">Notice<\/span><\/p>\n<p><span style=\"border-radius: 2px; text-indent: 20px; width: auto; padding: 0px 4px 0px 0px; text-align: center; font: bold 11px\/20px 'Helvetica Neue',Helvetica,sans-serif; color: #ffffff; background: #bd081c no-repeat scroll 3px 50% \/ 14px 14px; position: absolute; opacity: 1; z-index: 8675309; display: none; cursor: pointer;\">Notice<\/span><\/p>\n<p><span style=\"border-radius: 2px; text-indent: 20px; width: auto; padding: 0px 4px 0px 0px; text-align: center; font: bold 11px\/20px 'Helvetica Neue',Helvetica,sans-serif; color: #ffffff; background: #bd081c no-repeat scroll 3px 50% \/ 14px 14px; position: absolute; opacity: 1; z-index: 8675309; display: none; cursor: pointer;\">Notice<\/span><\/p>\n<p><span style=\"border-radius: 2px; text-indent: 20px; width: auto; padding: 0px 4px 0px 0px; text-align: center; font: bold 11px\/20px 'Helvetica Neue',Helvetica,sans-serif; color: #ffffff; background: #bd081c no-repeat scroll 3px 50% \/ 14px 14px; position: absolute; opacity: 1; z-index: 8675309; display: none; cursor: pointer;\">Notice<\/span><\/p>\n<p><span style=\"border-radius: 2px; text-indent: 20px; width: auto; padding: 0px 4px 0px 0px; text-align: center; font: bold 11px\/20px 'Helvetica Neue',Helvetica,sans-serif; color: #ffffff; background: #bd081c no-repeat scroll 3px 50% \/ 14px 14px; position: absolute; opacity: 1; z-index: 8675309; display: none; cursor: pointer;\">Notice<\/span><\/p>","protected":false},"excerpt":{"rendered":"<p>HERZLICH WILLKOMMEN bei Bauelemente Martin Heinrich in Geratskirchen Unser Betrieb zeichnet sich durch Tradition und ehrliches Handwerk aus. Mit viel Liebe zum Detail und mit sauberer Handwerksarbeit \u00fcbernehmen wir gerne die Lieferung und Montage von Fenstern, Haust\u00fcren, Rollladen und Winterg\u00e4rten. Auch in Sachen Renovierung stellen wir uns auf Ihre Anforderungen ein und beraten Sie umfassend zu einer energetischen Sanierung nach&nbsp;<a href=\"https:\/\/www.bauelemente-martin-heinrich.de\/en\/\" class=\"read-more\">Continue Reading<\/a><\/p>","protected":false},"author":1,"featured_media":2381,"parent":0,"menu_order":0,"comment_status":"open","ping_status":"closed","template":"","meta":{"_glsr_average":0,"_glsr_ranking":0,"_glsr_reviews":0,"footnotes":""},"class_list":["post-1892","page","type-page","status-publish","has-post-thumbnail","hentry"],"_links":{"self":[{"href":"https:\/\/www.bauelemente-martin-heinrich.de\/en\/wp-json\/wp\/v2\/pages\/1892","targetHints":{"allow":["GET"]}}],"collection":[{"href":"https:\/\/www.bauelemente-martin-heinrich.de\/en\/wp-json\/wp\/v2\/pages"}],"about":[{"href":"https:\/\/www.bauelemente-martin-heinrich.de\/en\/wp-json\/wp\/v2\/types\/page"}],"author":[{"embeddable":true,"href":"https:\/\/www.bauelemente-martin-heinrich.de\/en\/wp-json\/wp\/v2\/users\/1"}],"replies":[{"embeddable":true,"href":"https:\/\/www.bauelemente-martin-heinrich.de\/en\/wp-json\/wp\/v2\/comments?post=1892"}],"version-history":[{"count":3,"href":"https:\/\/www.bauelemente-martin-heinrich.de\/en\/wp-json\/wp\/v2\/pages\/1892\/revisions"}],"predecessor-version":[{"id":4310,"href":"https:\/\/www.bauelemente-martin-heinrich.de\/en\/wp-json\/wp\/v2\/pages\/1892\/revisions\/4310"}],"wp:featuredmedia":[{"embeddable":true,"href":"https:\/\/www.bauelemente-martin-heinrich.de\/en\/wp-json\/wp\/v2\/media\/2381"}],"wp:attachment":[{"href":"https:\/\/www.bauelemente-martin-heinrich.de\/en\/wp-json\/wp\/v2\/media?parent=1892"}],"curies":[{"name":"wp","href":"https:\/\/api.w.org\/{rel}","templated":true}]}}